{"id":305,"date":"2014-07-15T06:59:32","date_gmt":"2014-07-15T05:59:32","guid":{"rendered":"http:\/\/www.douce-france.net\/flamngo\/?page_id=305"},"modified":"2015-03-17T07:39:29","modified_gmt":"2015-03-17T06:39:29","slug":"traiteur-evenementiel","status":"publish","type":"page","link":"http:\/\/www.douce-france.net\/flamngo\/traiteur-evenementiel\/","title":{"rendered":"Traiteur \u00e9v\u00e9nementiel"},"content":{"rendered":"<h1><a href=\"http:\/\/www.douce-france.net\/flamngo\/wp-content\/uploads\/2014\/07\/bandeau_foodtruck_vente_flammekueches-e1405490324983.jpg\"><img decoding=\"async\" loading=\"lazy\" class=\"alignnone size-full wp-image-325\" src=\"http:\/\/www.douce-france.net\/flamngo\/wp-content\/uploads\/2014\/07\/bandeau_foodtruck_vente_flammekueches-e1405490324983.jpg\" alt=\"decouvrez nos flammekueches\" width=\"998\" height=\"169\" \/><\/a><\/h1>\n<h1><\/h1>\n<h1><span style=\"color: #000; font-family: trebuchet ms,geneva; font-size: large;\"><strong>Pour tous vos \u00e9v\u00e9nements publics ou priv\u00e9s (de 40 \u00e0 500 personnes), nous privatisons notre Foodtruck. Pour plus d&rsquo;information et un devis gratuit n\u2019h\u00e9sitez pas&#8230;<a href=\"http:\/\/www.douce-france.net\/flamngo\/contact\/\">Contactez-nous<\/a> par courriel ou appelez au 06.62.01.25.39.<\/strong><\/span><\/h1>\n<p style=\"text-align: center;\"><a href=\"http:\/\/www.douce-france.net\/flamngo\/wp-content\/uploads\/2014\/07\/evenementiel1.jpg\"><img decoding=\"async\" loading=\"lazy\" class=\"alignnone size-full wp-image-353\" src=\"http:\/\/www.douce-france.net\/flamngo\/wp-content\/uploads\/2014\/07\/evenementiel1.jpg\" alt=\"evenementiel1\" width=\"900\" height=\"603\" srcset=\"http:\/\/www.douce-france.net\/flamngo\/wp-content\/uploads\/2014\/07\/evenementiel1.jpg 900w, http:\/\/www.douce-france.net\/flamngo\/wp-content\/uploads\/2014\/07\/evenementiel1-300x201.jpg 300w\" sizes=\"(max-width: 900px) 100vw, 900px\" \/><\/a><\/p>\n<p>&nbsp;<\/p>\n<p style=\"text-align: center;\"><a href=\"http:\/\/www.douce-france.net\/flamngo\/wp-content\/uploads\/2014\/07\/evenementiel2.jpg\"><img decoding=\"async\" loading=\"lazy\" class=\"alignnone size-full wp-image-354\" src=\"http:\/\/www.douce-france.net\/flamngo\/wp-content\/uploads\/2014\/07\/evenementiel2.jpg\" alt=\"evenementiel2\" width=\"900\" height=\"603\" srcset=\"http:\/\/www.douce-france.net\/flamngo\/wp-content\/uploads\/2014\/07\/evenementiel2.jpg 900w, http:\/\/www.douce-france.net\/flamngo\/wp-content\/uploads\/2014\/07\/evenementiel2-300x201.jpg 300w\" sizes=\"(max-width: 900px) 100vw, 900px\" \/><\/a><\/p>\n","protected":false},"excerpt":{"rendered":"<p>Pour tous vos \u00e9v\u00e9nements publics ou priv\u00e9s (de 40 \u00e0 [&hellip;]<\/p>\n","protected":false},"author":1,"featured_media":0,"parent":0,"menu_order":5,"comment_status":"closed","ping_status":"closed","template":"full-width-page.php","meta":[],"_links":{"self":[{"href":"http:\/\/www.douce-france.net\/flamngo\/wp-json\/wp\/v2\/pages\/305"}],"collection":[{"href":"http:\/\/www.douce-france.net\/flamngo\/wp-json\/wp\/v2\/pages"}],"about":[{"href":"http:\/\/www.douce-france.net\/flamngo\/wp-json\/wp\/v2\/types\/page"}],"author":[{"embeddable":true,"href":"http:\/\/www.douce-france.net\/flamngo\/wp-json\/wp\/v2\/users\/1"}],"replies":[{"embeddable":true,"href":"http:\/\/www.douce-france.net\/flamngo\/wp-json\/wp\/v2\/comments?post=305"}],"version-history":[{"count":3,"href":"http:\/\/www.douce-france.net\/flamngo\/wp-json\/wp\/v2\/pages\/305\/revisions"}],"predecessor-version":[{"id":358,"href":"http:\/\/www.douce-france.net\/flamngo\/wp-json\/wp\/v2\/pages\/305\/revisions\/358"}],"wp:attachment":[{"href":"http:\/\/www.douce-france.net\/flamngo\/wp-json\/wp\/v2\/media?parent=305"}],"curies":[{"name":"wp","href":"https:\/\/api.w.org\/{rel}","templated":true}]}}